{"id":319,"date":"2025-04-29T08:13:22","date_gmt":"2025-04-29T08:13:22","guid":{"rendered":"https:\/\/biomed.al\/?page_id=319"},"modified":"2026-04-18T05:57:15","modified_gmt":"2026-04-18T05:57:15","slug":"biokimi","status":"publish","type":"page","link":"https:\/\/biomed.al\/index.php\/biokimi\/","title":{"rendered":"Biokimi"},"content":{"rendered":"\t\t<div data-elementor-type=\"wp-page\" data-elementor-id=\"319\" class=\"elementor elementor-319\">\n\t\t\t\t<div class=\"elementor-element elementor-element-ed466b9 e-grid e-con-boxed e-con e-parent\" data-id=\"ed466b9\" data-element_type=\"container\" data-e-type=\"container\">\n\t\t\t\t\t<div class=\"e-con-inner\">\n\t\t\t\t\t\t\t\n\t\t<img class=\"e-image-base \" \n\t\t\t\t\tdata-interaction-id=\"f1de10d\" \n\t\t \n\t\t \n\t\t\t\t\t\t\t\t\tid=\"702\"\n\t\t\t\t\t\t\t\t\t\t\t\tsrc=\"https:\/\/biomed.al\/wp-content\/uploads\/2026\/04\/locmedt2-1.jpeg\"\n\t\t\t\t\t\t\t\t\t\t\t\twidth=\"1500\"\n\t\t\t\t\t\t\t\t\t\t\t\theight=\"1500\"\n\t\t\t\t\t\t\t\t\t\t\t\tsrcset=\"https:\/\/biomed.al\/wp-content\/uploads\/2026\/04\/locmedt2-1.jpeg 1500w, https:\/\/biomed.al\/wp-content\/uploads\/2026\/04\/locmedt2-1-300x300.jpeg 300w, https:\/\/biomed.al\/wp-content\/uploads\/2026\/04\/locmedt2-1-1024x1024.jpeg 1024w, https:\/\/biomed.al\/wp-content\/uploads\/2026\/04\/locmedt2-1-150x150.jpeg 150w, https:\/\/biomed.al\/wp-content\/uploads\/2026\/04\/locmedt2-1-768x768.jpeg 768w\"\n\t\t\t\t\t\t\t\t\t\t\t\talt=\"\"\n\t\t\t\t\t\t\/>\n\t\t\t\t\t<div class=\"elementor-element elementor-element-b13d080 elementor-widget elementor-widget-text-editor\" data-id=\"b13d080\" data-element_type=\"widget\" data-e-type=\"widget\" data-widget_type=\"text-editor.default\">\n\t\t\t\t<div class=\"elementor-widget-container\">\n\t\t\t\t\t\t\t\t\t<h1>LOCMEDT<\/h1><h3><img decoding=\"async\" class=\"emoji\" role=\"img\" draggable=\"false\" src=\"https:\/\/s.w.org\/images\/core\/emoji\/17.0.2\/svg\/2714.svg\" alt=\"\u2714\" \/> Kombinim shum\u00ebparamet\u00ebrsh<br \/><img decoding=\"async\" class=\"emoji\" role=\"img\" draggable=\"false\" src=\"https:\/\/s.w.org\/images\/core\/emoji\/17.0.2\/svg\/2714.svg\" alt=\"\u2714\" \/> Teknologji unike me reagent\u00eb t\u00eb integruar<br \/><img decoding=\"async\" class=\"emoji\" role=\"img\" draggable=\"false\" src=\"https:\/\/s.w.org\/images\/core\/emoji\/17.0.2\/svg\/2714.svg\" alt=\"\u2714\" \/> Nj\u00eb p\u00ebrdorim\u00ebsh<br \/><img decoding=\"async\" class=\"emoji\" role=\"img\" draggable=\"false\" src=\"https:\/\/s.w.org\/images\/core\/emoji\/17.0.2\/svg\/2714.svg\" alt=\"\u2714\" \/> Pa Cross-Contamination<br \/><img decoding=\"async\" class=\"emoji\" role=\"img\" draggable=\"false\" src=\"https:\/\/s.w.org\/images\/core\/emoji\/17.0.2\/svg\/2714.svg\" alt=\"\u2714\" \/> QR e instaluar<br \/><img decoding=\"async\" class=\"emoji\" role=\"img\" draggable=\"false\" src=\"https:\/\/s.w.org\/images\/core\/emoji\/17.0.2\/svg\/2714.svg\" alt=\"\u2714\" \/> Skadence e gjate<br \/><img decoding=\"async\" class=\"emoji\" role=\"img\" draggable=\"false\" src=\"https:\/\/s.w.org\/images\/core\/emoji\/17.0.2\/svg\/2714.svg\" alt=\"\u2714\" \/> Rezultate n\u00eb 8-12 minuta<br \/><img decoding=\"async\" class=\"emoji\" role=\"img\" draggable=\"false\" src=\"https:\/\/s.w.org\/images\/core\/emoji\/17.0.2\/svg\/2714.svg\" alt=\"\u2714\" \/> E p\u00ebrshtatshme per studio mjek\u00ebsore dhe n\u00eb munges\u00eb t\u00eb personelit t\u00eb kualifikuar<\/h3><p>\u00a0<\/p><h3><a href=\"https:\/\/biomed.al\/wp-content\/uploads\/2026\/04\/Locmedt-Brochure.pdf\">Locmedt Brochure<\/a><\/h3><h3><a href=\"https:\/\/biomed.al\/wp-content\/uploads\/2026\/04\/Locmedt-Catalog.pdf\">Locmedt Catalog<\/a><\/h3>\t\t\t\t\t\t\t\t<\/div>\n\t\t\t\t<\/div>\n\t\t\t\t\t<\/div>\n\t\t\t\t<\/div>\n\t\t\t\t<\/div>\n\t\t","protected":false},"excerpt":{"rendered":"<p>LOCMEDT Kombinim shum\u00ebparamet\u00ebrsh Teknologji unike me reagent\u00eb t\u00eb integruar Nj\u00eb p\u00ebrdorim\u00ebsh Pa Cross-Contamination QR e instaluar Skadence e gjate Rezultate n\u00eb 8-12 minuta E p\u00ebrshtatshme per studio mjek\u00ebsore dhe n\u00eb munges\u00eb t\u00eb personelit t\u00eb kualifikuar \u00a0 Locmedt Brochure Locmedt Catalog<\/p>\n","protected":false},"author":1,"featured_media":0,"parent":0,"menu_order":0,"comment_status":"closed","ping_status":"closed","template":"elementor_header_footer","meta":{"footnotes":""},"class_list":["post-319","page","type-page","status-publish","hentry"],"_links":{"self":[{"href":"https:\/\/biomed.al\/index.php\/wp-json\/wp\/v2\/pages\/319","targetHints":{"allow":["GET"]}}],"collection":[{"href":"https:\/\/biomed.al\/index.php\/wp-json\/wp\/v2\/pages"}],"about":[{"href":"https:\/\/biomed.al\/index.php\/wp-json\/wp\/v2\/types\/page"}],"author":[{"embeddable":true,"href":"https:\/\/biomed.al\/index.php\/wp-json\/wp\/v2\/users\/1"}],"replies":[{"embeddable":true,"href":"https:\/\/biomed.al\/index.php\/wp-json\/wp\/v2\/comments?post=319"}],"version-history":[{"count":79,"href":"https:\/\/biomed.al\/index.php\/wp-json\/wp\/v2\/pages\/319\/revisions"}],"predecessor-version":[{"id":718,"href":"https:\/\/biomed.al\/index.php\/wp-json\/wp\/v2\/pages\/319\/revisions\/718"}],"wp:attachment":[{"href":"https:\/\/biomed.al\/index.php\/wp-json\/wp\/v2\/media?parent=319"}],"curies":[{"name":"wp","href":"https:\/\/api.w.org\/{rel}","templated":true}]}}